{"id":2174,"date":"2025-03-28T09:59:01","date_gmt":"2025-03-28T09:59:01","guid":{"rendered":"https:\/\/www.andaction.me\/?page_id=2174"},"modified":"2025-04-01T11:24:58","modified_gmt":"2025-04-01T11:24:58","slug":"dron","status":"publish","type":"page","link":"https:\/\/www.andaction.me\/?page_id=2174","title":{"rendered":"Dron"},"content":{"rendered":"\n<ul class=\"wp-block-list\"><\/ul>\n\n\n\n<div class=\"wp-block-uagb-container uagb-block-4994970c alignfull uagb-is-root-container\"><div class=\"uagb-container__video-wrap\"><video autoplay loop muted playsinline><source src=\"https:\/\/www.andaction.me\/wp-content\/uploads\/2025\/03\/hobbiton-green-land-2-2023-11-27-05-24-32-utc.mov\" type=\"video\/mp4\"\/><\/video><\/div>\n<div class=\"wp-block-uagb-container uagb-block-7015fa60\">\n<div class=\"wp-block-uagb-advanced-heading uagb-block-f202dd90\"><h6 class=\"uagb-heading-text\">SNIMANJE DRONOM<\/h6><\/div>\n\n\n\n<div class=\"wp-block-uagb-advanced-heading uagb-block-a7afc9bf\"><h1 class=\"uagb-heading-text\">video visoke rezolucije, panoramske fotografije i jo\u0161 mnogo toga<\/h1><\/div>\n<\/div>\n<\/div>\n\n\n\n<div class=\"wp-block-uagb-container uagb-block-5f3bdf7f alignfull uagb-is-root-container\"><div class=\"uagb-container-inner-blocks-wrap\">\n<div class=\"wp-block-uagb-advanced-heading uagb-block-a7009ee0\"><h5 class=\"uagb-heading-text\">Dron snimak je postao vrlo po\u017eeljan deo video promocije, reklama, muzi\u010dkih spotova, ven\u010danja. Snimamo u Full HD ili 4k video kvalitetu.<\/h5><\/div>\n<\/div><\/div>\n\n\n\n<div class=\"wp-block-uagb-container uagb-block-c98679bd alignfull uagb-is-root-container\"><div class=\"uagb-container-inner-blocks-wrap\">\n<div class=\"wp-block-uagb-container uagb-block-8f179d56 alignfull uagb-is-root-container\"><div class=\"uagb-container-inner-blocks-wrap\">\n<div class=\"wp-block-uagb-advanced-heading uagb-block-337d51b1\"><h4 class=\"uagb-heading-text\">Aerial photography<\/h4><p class=\"uagb-desc-text\">perfect aerial pictures<\/p><\/div>\n<\/div><\/div>\n\n\n\n<div class=\"wp-block-uagb-container uagb-block-42cfcd3e alignfull uagb-is-root-container\"><div class=\"uagb-container-inner-blocks-wrap\">\n<div class=\"wp-block-uagb-image aligncenter uagb-block-f06f0d4e wp-block-uagb-image--layout-default wp-block-uagb-image--effect-static wp-block-uagb-image--align-center\"><figure class=\"wp-block-uagb-image__figure\"><img loading=\"lazy\" decoding=\"async\" srcset=\"https:\/\/www.andaction.me\/wp-content\/uploads\/2023\/11\/target.png ,https:\/\/www.andaction.me\/wp-content\/uploads\/2023\/11\/target.png 780w, https:\/\/www.andaction.me\/wp-content\/uploads\/2023\/11\/target.png 360w\" sizes=\"auto, (max-width: 480px) 150px\" src=\"https:\/\/www.andaction.me\/wp-content\/uploads\/2023\/11\/target.png\" alt=\"\" class=\"uag-image-1873\" width=\"200\" height=\"200\" title=\"\" loading=\"lazy\"\/><\/figure><\/div>\n<\/div><\/div>\n<\/div><\/div>\n\n\n\n<div class=\"wp-block-uagb-container uagb-block-91731f2d alignfull uagb-is-root-container\"><div class=\"uagb-container-inner-blocks-wrap\">\n<div class=\"wp-block-uagb-advanced-heading uagb-block-fe55e47b\"><h5 class=\"uagb-heading-text\">Dostupni smo pravnim i fizi\u010dkim licima \u0161irom Srbije.<\/h5><\/div>\n<\/div><\/div>\n\n\n\n<div class=\"wp-block-uagb-container uagb-block-3ce4b4f1 alignwide uagb-is-root-container\">\n<div class=\"wp-block-uagb-container uagb-block-de2f1ce1\">\n<div class=\"wp-block-uagb-advanced-heading uagb-block-45cc42f2\"><h5 class=\"uagb-heading-text\">Dron kadrovi u reklami<\/h5><p class=\"uagb-desc-text\">social media video<br>brand promo video<br>TV reklama<\/p><\/div>\n<\/div>\n\n\n\n<div class=\"wp-block-uagb-container uagb-block-742828b0\">\n<figure style=\"padding-top:0;padding-right:0;padding-bottom:0;padding-left:0\" class=\"wp-block-video\"><video autoplay muted src=\"https:\/\/www.andaction.me\/wp-content\/uploads\/2025\/03\/nera-yt.mp4\"><\/video><\/figure>\n<\/div>\n<\/div>\n\n\n\n<div class=\"wp-block-uagb-container uagb-block-5dc5f8f4 alignwide uagb-is-root-container\">\n<div class=\"wp-block-uagb-container uagb-block-cb4ab2d3\">\n<div class=\"wp-block-uagb-advanced-heading uagb-block-55de72ab\"><h5 class=\"uagb-heading-text\">Dron k<\/h5><p class=\"uagb-desc-text\">short dru\u0161tvene mre\u017ee<br>teaser video<\/p><\/div>\n<\/div>\n\n\n\n<div class=\"wp-block-uagb-container uagb-block-ab815333\">\n<figure class=\"wp-block-video\"><video height=\"2160\" style=\"aspect-ratio: 3840 \/ 2160;\" width=\"3840\" autoplay muted src=\"https:\/\/www.andaction.me\/wp-content\/uploads\/2025\/03\/girls-walking-on-white-sand-washed-by-calm-turquoi-2024-10-16-19-53-35-utc.mp4\"><\/video><\/figure>\n<\/div>\n<\/div>\n\n\n\n<div class=\"wp-block-uagb-container uagb-block-f3e99793 alignwide uagb-is-root-container\">\n<div class=\"wp-block-uagb-container uagb-block-7a88baf4\">\n<div class=\"wp-block-uagb-advanced-heading uagb-block-14c529d4\"><h5 class=\"uagb-heading-text\">Dron kadrovi TV dokumentarni film<\/h5><p class=\"uagb-desc-text\">TV reklama<br>Dokumentarizam<br>Putopis<\/p><\/div>\n<\/div>\n\n\n\n<div class=\"wp-block-uagb-container uagb-block-21b2d55d\">\n<figure style=\"padding-top:0;padding-right:0;padding-bottom:0;padding-left:0\" class=\"wp-block-video\"><video height=\"1080\" style=\"aspect-ratio: 1920 \/ 1080;\" width=\"1920\" autoplay muted src=\"https:\/\/www.andaction.me\/wp-content\/uploads\/2025\/03\/zima-yt.mp4\"><\/video><\/figure>\n<\/div>\n<\/div>\n\n\n\n<div class=\"wp-block-uagb-container uagb-block-6b2268f9 alignfull uagb-is-root-container\"><\/div>\n\n\n\n<div class=\"wp-block-uagb-container uagb-block-f4a8d654 alignwide uagb-is-root-container\">\n<div class=\"wp-block-uagb-container uagb-block-29200d13\"><div class=\"align wp-block-vpb-video\" id='vpbVideoPlayer-1' data-attributes='{&quot;source&quot;:&quot;https:\\\/\\\/www.andaction.me\\\/wp-content\\\/uploads\\\/2025\\\/04\\\/yyy.mp4&quot;,&quot;autoplay&quot;:true,&quot;muted&quot;:true,&quot;resetOnEnd&quot;:true,&quot;align&quot;:&quot;&quot;,&quot;poster&quot;:&quot;&quot;,&quot;controls&quot;:{&quot;play-large&quot;:true,&quot;restart&quot;:false,&quot;rewind&quot;:true,&quot;play&quot;:true,&quot;fast-forward&quot;:true,&quot;progress&quot;:true,&quot;current-time&quot;:true,&quot;duration&quot;:false,&quot;mute&quot;:true,&quot;volume&quot;:true,&quot;pip&quot;:false,&quot;airplay&quot;:false,&quot;settings&quot;:true,&quot;download&quot;:false,&quot;fullscreen&quot;:true},&quot;width&quot;:&quot;100%&quot;,&quot;radius&quot;:&quot;0px&quot;,&quot;repeat&quot;:false,&quot;autoHideControl&quot;:true}'><\/div><\/div>\n\n\n\n<div class=\"wp-block-uagb-container uagb-block-5b97ef9a\"><div class=\"align wp-block-vpb-video\" id='vpbVideoPlayer-2' data-attributes='{&quot;source&quot;:&quot;https:\\\/\\\/www.andaction.me\\\/wp-content\\\/uploads\\\/2025\\\/04\\\/333.mp4&quot;,&quot;autoplay&quot;:true,&quot;muted&quot;:true,&quot;resetOnEnd&quot;:true,&quot;align&quot;:&quot;&quot;,&quot;poster&quot;:&quot;&quot;,&quot;controls&quot;:{&quot;play-large&quot;:true,&quot;restart&quot;:false,&quot;rewind&quot;:true,&quot;play&quot;:true,&quot;fast-forward&quot;:true,&quot;progress&quot;:true,&quot;current-time&quot;:true,&quot;duration&quot;:false,&quot;mute&quot;:true,&quot;volume&quot;:true,&quot;pip&quot;:false,&quot;airplay&quot;:false,&quot;settings&quot;:true,&quot;download&quot;:false,&quot;fullscreen&quot;:true},&quot;width&quot;:&quot;100%&quot;,&quot;radius&quot;:&quot;0px&quot;,&quot;repeat&quot;:false,&quot;autoHideControl&quot;:true}'><\/div><\/div>\n\n\n\n<div class=\"wp-block-uagb-container uagb-block-ba27c42b\"><div class=\"align wp-block-vpb-video\" id='vpbVideoPlayer-3' data-attributes='{&quot;source&quot;:&quot;https:\\\/\\\/www.andaction.me\\\/wp-content\\\/uploads\\\/2025\\\/03\\\/girls-walking-on-white-sand-washed-by-calm-turquoi-2024-10-16-19-53-35-utc.mp4&quot;,&quot;autoplay&quot;:true,&quot;muted&quot;:true,&quot;resetOnEnd&quot;:true,&quot;align&quot;:&quot;&quot;,&quot;poster&quot;:&quot;&quot;,&quot;controls&quot;:{&quot;play-large&quot;:true,&quot;restart&quot;:false,&quot;rewind&quot;:true,&quot;play&quot;:true,&quot;fast-forward&quot;:true,&quot;progress&quot;:true,&quot;current-time&quot;:true,&quot;duration&quot;:false,&quot;mute&quot;:true,&quot;volume&quot;:true,&quot;pip&quot;:false,&quot;airplay&quot;:false,&quot;settings&quot;:true,&quot;download&quot;:false,&quot;fullscreen&quot;:true},&quot;width&quot;:&quot;100%&quot;,&quot;radius&quot;:&quot;0px&quot;,&quot;repeat&quot;:false,&quot;autoHideControl&quot;:true}'><\/div><\/div>\n\n\n\n<div class=\"wp-block-uagb-container uagb-block-c792d38e\"><div class=\"align wp-block-vpb-video\" id='vpbVideoPlayer-4' data-attributes='{&quot;source&quot;:&quot;https:\\\/\\\/www.andaction.me\\\/wp-content\\\/uploads\\\/2025\\\/04\\\/moreee.mp4&quot;,&quot;autoplay&quot;:true,&quot;muted&quot;:true,&quot;resetOnEnd&quot;:true,&quot;align&quot;:&quot;&quot;,&quot;poster&quot;:&quot;&quot;,&quot;controls&quot;:{&quot;play-large&quot;:true,&quot;restart&quot;:false,&quot;rewind&quot;:true,&quot;play&quot;:true,&quot;fast-forward&quot;:true,&quot;progress&quot;:true,&quot;current-time&quot;:true,&quot;duration&quot;:false,&quot;mute&quot;:true,&quot;volume&quot;:true,&quot;pip&quot;:false,&quot;airplay&quot;:false,&quot;settings&quot;:true,&quot;download&quot;:false,&quot;fullscreen&quot;:true},&quot;width&quot;:&quot;100%&quot;,&quot;radius&quot;:&quot;0px&quot;,&quot;repeat&quot;:false,&quot;autoHideControl&quot;:true}'><\/div><\/div>\n<\/div>\n\n\n\n<div class=\"wp-block-uagb-container uagb-block-4f609cfd alignfull uagb-is-root-container\"><div class=\"uagb-container-inner-blocks-wrap\">\n<div class=\"wp-block-uagb-advanced-heading uagb-block-0c71ca27\"><h4 class=\"uagb-heading-text\">service plus<\/h4><\/div>\n<\/div><\/div>\n\n\n\n<div class=\"wp-block-group is-layout-constrained wp-block-group-is-layout-constrained\">\n<div class=\"wp-block-columns is-layout-flex wp-container-core-columns-is-layout-28f84493 wp-block-columns-is-layout-flex\">\n<div class=\"wp-block-column is-vertically-aligned-bottom is-layout-constrained wp-block-column-is-layout-constrained\" style=\"flex-basis:100%\">\n<div class=\"wp-block-uagb-container uagb-block-54e56dfb alignwide uagb-is-root-container\">\n<div class=\"wp-block-uagb-container uagb-block-75ce526f\">\n<div class=\"wp-block-media-text is-stacked-on-mobile is-image-fill-element has-ast-global-color-7-background-color has-background\"><figure class=\"wp-block-media-text__media\"><img fetchpriority=\"high\" decoding=\"async\" width=\"1024\" height=\"665\" src=\"https:\/\/www.andaction.me\/wp-content\/uploads\/2023\/11\/AdobeStock_414109483-1024x665.jpeg\" alt=\"\" class=\"wp-image-1822 size-full\" style=\"object-position:50% 50%\" srcset=\"https:\/\/www.andaction.me\/wp-content\/uploads\/2023\/11\/AdobeStock_414109483-1024x665.jpeg 1024w, https:\/\/www.andaction.me\/wp-content\/uploads\/2023\/11\/AdobeStock_414109483-300x195.jpeg 300w, https:\/\/www.andaction.me\/wp-content\/uploads\/2023\/11\/AdobeStock_414109483-768x499.jpeg 768w, https:\/\/www.andaction.me\/wp-content\/uploads\/2023\/11\/AdobeStock_414109483-1536x998.jpeg 1536w, https:\/\/www.andaction.me\/wp-content\/uploads\/2023\/11\/AdobeStock_414109483-2048x1331.jpeg 2048w\" sizes=\"(max-width: 1024px) 100vw, 1024px\" \/><\/figure><div class=\"wp-block-media-text__content\">\n<p class=\"has-medium-font-size\">AUDIO &amp; VOICEOVER<\/p>\n\n\n\n<p><strong>PROFESSIONAL VOICEOVER AND CUSTOM TRACK JUST FOR YOU<\/strong><\/p>\n<\/div><\/div>\n<\/div>\n\n\n\n<div class=\"wp-block-uagb-container uagb-block-5e6e6864\">\n<div class=\"wp-block-media-text is-stacked-on-mobile is-image-fill-element has-ast-global-color-7-background-color has-background\"><figure class=\"wp-block-media-text__media\"><img decoding=\"async\" width=\"1024\" height=\"577\" src=\"https:\/\/www.andaction.me\/wp-content\/uploads\/2023\/11\/AdobeStock_481991563-1024x577.jpeg\" alt=\"\" class=\"wp-image-1886 size-full\" style=\"object-position:50% 50%\" srcset=\"https:\/\/www.andaction.me\/wp-content\/uploads\/2023\/11\/AdobeStock_481991563-1024x577.jpeg 1024w, https:\/\/www.andaction.me\/wp-content\/uploads\/2023\/11\/AdobeStock_481991563-300x169.jpeg 300w, https:\/\/www.andaction.me\/wp-content\/uploads\/2023\/11\/AdobeStock_481991563-768x433.jpeg 768w, https:\/\/www.andaction.me\/wp-content\/uploads\/2023\/11\/AdobeStock_481991563-1536x865.jpeg 1536w, https:\/\/www.andaction.me\/wp-content\/uploads\/2023\/11\/AdobeStock_481991563-2048x1154.jpeg 2048w\" sizes=\"(max-width: 1024px) 100vw, 1024px\" \/><\/figure><div class=\"wp-block-media-text__content\">\n<p class=\"has-medium-font-size\">Post-production Services<\/p>\n\n\n\n<p>FROM SOUND MIXERS AND VOICEOVER ARTISTS TO EDITORS AND COLOUR GRADERS<\/p>\n<\/div><\/div>\n<\/div>\n<\/div>\n<\/div>\n<\/div>\n<\/div>\n\n\n\n<div class=\"wp-block-uagb-container uagb-block-c9b6a0aa alignfull uagb-is-root-container\"><div class=\"uagb-container-inner-blocks-wrap\">\n<div class=\"wp-block-uagb-advanced-heading uagb-block-deca9b53\"><h5 class=\"uagb-heading-text\">COMMERCIAL VIDEO AND PHOTO PRODUCTION<br>FOR AGENCIES, BRANDS AND COMPANY<\/h5><p class=\"uagb-desc-text\">Highest standards of Filmmaking and Advertising Photography.<\/p><\/div>\n\n\n\n<p class=\"has-text-align-center has-ast-global-color-7-color has-text-color has-link-color has-large-font-size wp-elements-a202b567a6b90fdef1cef204891dc47d\">#foryou<\/p>\n<\/div><\/div>\n\n\n\n<p><\/p>\n","protected":false},"excerpt":{"rendered":"<p>SNIMANJE DRONOM video visoke rezolucije, panoramske fotografije i jo\u0161 mnogo toga Dron snimak je postao vrlo po\u017eeljan deo video promocije, reklama, muzi\u010dkih spotova, ven\u010danja. Snimamo u Full HD ili 4k video kvalitetu. Aerial photography perfect aerial pictures Dostupni smo pravnim i fizi\u010dkim licima \u0161irom Srbije. Dron kadrovi u reklami social media videobrand promo videoTV reklama [&hellip;]<\/p>\n","protected":false},"author":1,"featured_media":0,"parent":0,"menu_order":0,"comment_status":"closed","ping_status":"closed","template":"","meta":{"_uag_custom_page_level_css":"","site-sidebar-layout":"default","site-content-layout":"","ast-site-content-layout":"default","site-content-style":"default","site-sidebar-style":"default","ast-global-header-display":"","ast-banner-title-visibility":"","ast-main-header-display":"","ast-hfb-above-header-display":"","ast-hfb-below-header-display":"","ast-hfb-mobile-header-display":"","site-post-title":"disabled","ast-breadcrumbs-content":"","ast-featured-img":"","footer-sml-layout":"","theme-transparent-header-meta":"","adv-header-id-meta":"","stick-header-meta":"","header-above-stick-meta":"","header-main-stick-meta":"","header-below-stick-meta":"","astra-migrate-meta-layouts":"set","ast-page-background-enabled":"default","ast-page-background-meta":{"desktop":{"background-color":"","background-image":"","background-repeat":"repeat","background-position":"center center","background-size":"auto","background-attachment":"scroll","background-type":"","background-media":"","overlay-type":"","overlay-color":"","overlay-gradient":""},"tablet":{"background-color":"","background-image":"","background-repeat":"repeat","background-position":"center center","background-size":"auto","background-attachment":"scroll","background-type":"","background-media":"","overlay-type":"","overlay-color":"","overlay-gradient":""},"mobile":{"background-color":"","background-image":"","background-repeat":"repeat","background-position":"center center","background-size":"auto","background-attachment":"scroll","background-type":"","background-media":"","overlay-type":"","overlay-color":"","overlay-gradient":""}},"ast-content-background-meta":{"desktop":{"background-color":"var(--ast-global-color-5)","background-image":"","background-repeat":"repeat","background-position":"center center","background-size":"auto","background-attachment":"scroll","background-type":"","background-media":"","overlay-type":"","overlay-color":"","overlay-gradient":""},"tablet":{"background-color":"var(--ast-global-color-5)","background-image":"","background-repeat":"repeat","background-position":"center center","background-size":"auto","background-attachment":"scroll","background-type":"","background-media":"","overlay-type":"","overlay-color":"","overlay-gradient":""},"mobile":{"background-color":"var(--ast-global-color-5)","background-image":"","background-repeat":"repeat","background-position":"center center","background-size":"auto","background-attachment":"scroll","background-type":"","background-media":"","overlay-type":"","overlay-color":"","overlay-gradient":""}},"footnotes":""},"class_list":["post-2174","page","type-page","status-publish","hentry"],"aioseo_notices":[],"uagb_featured_image_src":{"full":false,"thumbnail":false,"medium":false,"medium_large":false,"large":false,"1536x1536":false,"2048x2048":false},"uagb_author_info":{"display_name":"stillandmotion_ciqhs3","author_link":"https:\/\/www.andaction.me\/?author=1"},"uagb_comment_info":0,"uagb_excerpt":"SNIMANJE DRONOM video visoke rezolucije, panoramske fotografije i jo\u0161 mnogo toga Dron snimak je postao vrlo po\u017eeljan deo video promocije, reklama, muzi\u010dkih spotova, ven\u010danja. Snimamo u Full HD ili 4k video kvalitetu. Aerial photography perfect aerial pictures Dostupni smo pravnim i fizi\u010dkim licima \u0161irom Srbije. Dron kadrovi u reklami social media videobrand promo videoTV reklama&hellip;","_links":{"self":[{"href":"https:\/\/www.andaction.me\/index.php?rest_route=\/wp\/v2\/pages\/2174","targetHints":{"allow":["GET"]}}],"collection":[{"href":"https:\/\/www.andaction.me\/index.php?rest_route=\/wp\/v2\/pages"}],"about":[{"href":"https:\/\/www.andaction.me\/index.php?rest_route=\/wp\/v2\/types\/page"}],"author":[{"embeddable":true,"href":"https:\/\/www.andaction.me\/index.php?rest_route=\/wp\/v2\/users\/1"}],"replies":[{"embeddable":true,"href":"https:\/\/www.andaction.me\/index.php?rest_route=%2Fwp%2Fv2%2Fcomments&post=2174"}],"version-history":[{"count":9,"href":"https:\/\/www.andaction.me\/index.php?rest_route=\/wp\/v2\/pages\/2174\/revisions"}],"predecessor-version":[{"id":2431,"href":"https:\/\/www.andaction.me\/index.php?rest_route=\/wp\/v2\/pages\/2174\/revisions\/2431"}],"wp:attachment":[{"href":"https:\/\/www.andaction.me\/index.php?rest_route=%2Fwp%2Fv2%2Fmedia&parent=2174"}],"curies":[{"name":"wp","href":"https:\/\/api.w.org\/{rel}","templated":true}]}}