{"id":774,"date":"2022-02-24T09:52:24","date_gmt":"2022-02-24T09:52:24","guid":{"rendered":"https:\/\/www.andaction.me\/about\/"},"modified":"2025-03-30T16:02:38","modified_gmt":"2025-03-30T16:02:38","slug":"about","status":"publish","type":"page","link":"https:\/\/www.andaction.me\/?page_id=774","title":{"rendered":"About"},"content":{"rendered":"\n<div class=\"wp-block-uagb-container uagb-block-83a9efd9 alignfull uagb-is-root-container\"><div class=\"uagb-container__shape uagb-container__shape-bottom uagb-container__shape-flip uagb-container__invert\" data-negative=\"false\"><svg xmlns=\"https:\/\/www.w3.org\/2000\/svg\" viewBox=\"0 0 1000 100\" preserveAspectRatio=\"none\"><path class=\"uagb-container__shape-fill\" d=\"M0,6V0h1000v100L0,6z\"><\/path><\/svg><\/div><div class=\"uagb-container-inner-blocks-wrap\">\n<div class=\"wp-block-uagb-advanced-heading uagb-block-6a12de0a\"><h3 class=\"uagb-heading-text\">WELCOME TO A POINT OF LIMITLESS CREATIVE POSSIBILITIES<\/h3><div class=\"uagb-separator\"><\/div><\/div>\n<\/div><\/div>\n\n\n\n<div class=\"wp-block-uagb-info-box uagb-block-561ae7b3 uagb-infobox__content-wrap  uagb-infobox-icon-above-title uagb-infobox-image-valign-top\"><div class=\"uagb-ifb-content\"><div class=\"uagb-ifb-icon-wrap\"><svg xmlns=\"https:\/\/www.w3.org\/2000\/svg\" viewBox=\"0 0 576 512\"><path d=\"M384 112v288c0 26.51-21.49 48-48 48h-288c-26.51 0-48-21.49-48-48v-288c0-26.51 21.49-48 48-48h288C362.5 64 384 85.49 384 112zM576 127.5v256.9c0 25.5-29.17 40.39-50.39 25.79L416 334.7V177.3l109.6-75.56C546.9 87.13 576 102.1 576 127.5z\"><\/path><\/svg><\/div><div class=\"uagb-ifb-title-wrap\"><h6 class=\"uagb-ifb-title\">Still &amp; Motion je TIM pasioniranih videografa, scenarista, editora, tehni\u010dara&#8230; Menad\u017eera za digitalni marketing<br><\/h6><\/div><p class=\"uagb-ifb-desc\"><br><br>Na\u0161 tim sa\u010dinjen od juniora do matorih kuka seniora nije samo stru\u010dan sa vi\u0161egodi\u0161njim iskustvom u industriji medijskih sadr\u017eaja. Nije samo da radimo u skladu sa standardima produkcije. Sve ovo bi moralo da se podrazumeva.<br><br>Mi smo tim pasioniranih ljudi koji vole svoj posao. Koristimo savremenu opremu koja daje visok kvalitet videa za bilo koji format. <br>Koristimo rigove-sprave koje mi proizvodimo zasnovane na istra\u017eivanjima i iskustvima pravih filmadzija, a sa kojima se dobija neograni\u010dena mogu\u0107nost da video bude estetski veoma druga\u010diji i privla\u010dan.<br>Nudimo jednostavnu i efikasnu saradnju bez stresa.<br><br><br><br>,,,<br><br><br>Lights Camera story<br>CRAFTING CINEMATIC MAGIC<br><\/p><\/div><\/div>\n","protected":false},"excerpt":{"rendered":"<p>WELCOME TO A POINT OF LIMITLESS CREATIVE POSSIBILITIES<\/p>\n","protected":false},"author":1,"featured_media":0,"parent":0,"menu_order":0,"comment_status":"closed","ping_status":"closed","template":"","meta":{"_uag_custom_page_level_css":"","site-sidebar-layout":"no-sidebar","site-content-layout":"plain-container","ast-site-content-layout":"normal-width-container","site-content-style":"unboxed","site-sidebar-style":"unboxed","ast-global-header-display":"","ast-banner-title-visibility":"","ast-main-header-display":"","ast-hfb-above-header-display":"","ast-hfb-below-header-display":"","ast-hfb-mobile-header-display":"","site-post-title":"disabled","ast-breadcrumbs-content":"","ast-featured-img":"disabled","footer-sml-layout":"","theme-transparent-header-meta":"enabled","adv-header-id-meta":"","stick-header-meta":"","header-above-stick-meta":"","header-main-stick-meta":"","header-below-stick-meta":"","astra-migrate-meta-layouts":"set","ast-page-background-enabled":"default","ast-page-background-meta":{"desktop":{"background-color":"","background-image":"","background-repeat":"repeat","background-position":"center center","background-size":"auto","background-attachment":"scroll","background-type":"","background-media":"","overlay-type":"","overlay-color":"","overlay-opacity":"","overlay-gradient":""},"tablet":{"background-color":"","background-image":"","background-repeat":"repeat","background-position":"center center","background-size":"auto","background-attachment":"scroll","background-type":"","background-media":"","overlay-type":"","overlay-color":"","overlay-opacity":"","overlay-gradient":""},"mobile":{"background-color":"","background-image":"","background-repeat":"repeat","background-position":"center center","background-size":"auto","background-attachment":"scroll","background-type":"","background-media":"","overlay-type":"","overlay-color":"","overlay-opacity":"","overlay-gradient":""}},"ast-content-background-meta":{"desktop":{"background-color":"var(--ast-global-color-5)","background-image":"","background-repeat":"repeat","background-position":"center center","background-size":"auto","background-attachment":"scroll","background-type":"","background-media":"","overlay-type":"","overlay-color":"","overlay-opacity":"","overlay-gradient":""},"tablet":{"background-color":"var(--ast-global-color-5)","background-image":"","background-repeat":"repeat","background-position":"center center","background-size":"auto","background-attachment":"scroll","background-type":"","background-media":"","overlay-type":"","overlay-color":"","overlay-opacity":"","overlay-gradient":""},"mobile":{"background-color":"var(--ast-global-color-5)","background-image":"","background-repeat":"repeat","background-position":"center center","background-size":"auto","background-attachment":"scroll","background-type":"","background-media":"","overlay-type":"","overlay-color":"","overlay-opacity":"","overlay-gradient":""}},"footnotes":""},"class_list":["post-774","page","type-page","status-publish","hentry"],"aioseo_notices":[],"uagb_featured_image_src":{"full":false,"thumbnail":false,"medium":false,"medium_large":false,"large":false,"1536x1536":false,"2048x2048":false},"uagb_author_info":{"display_name":"stillandmotion_ciqhs3","author_link":"https:\/\/www.andaction.me\/?author=1"},"uagb_comment_info":0,"uagb_excerpt":"WELCOME TO A POINT OF LIMITLESS CREATIVE POSSIBILITIES","_links":{"self":[{"href":"https:\/\/www.andaction.me\/index.php?rest_route=\/wp\/v2\/pages\/774","targetHints":{"allow":["GET"]}}],"collection":[{"href":"https:\/\/www.andaction.me\/index.php?rest_route=\/wp\/v2\/pages"}],"about":[{"href":"https:\/\/www.andaction.me\/index.php?rest_route=\/wp\/v2\/types\/page"}],"author":[{"embeddable":true,"href":"https:\/\/www.andaction.me\/index.php?rest_route=\/wp\/v2\/users\/1"}],"replies":[{"embeddable":true,"href":"https:\/\/www.andaction.me\/index.php?rest_route=%2Fwp%2Fv2%2Fcomments&post=774"}],"version-history":[{"count":8,"href":"https:\/\/www.andaction.me\/index.php?rest_route=\/wp\/v2\/pages\/774\/revisions"}],"predecessor-version":[{"id":2329,"href":"https:\/\/www.andaction.me\/index.php?rest_route=\/wp\/v2\/pages\/774\/revisions\/2329"}],"wp:attachment":[{"href":"https:\/\/www.andaction.me\/index.php?rest_route=%2Fwp%2Fv2%2Fmedia&parent=774"}],"curies":[{"name":"wp","href":"https:\/\/api.w.org\/{rel}","templated":true}]}}