{"id":776,"date":"2022-02-24T09:53:05","date_gmt":"2022-02-24T09:53:05","guid":{"rendered":"https:\/\/www.andaction.me\/lessons\/"},"modified":"2025-03-31T20:29:25","modified_gmt":"2025-03-31T20:29:25","slug":"video-production","status":"publish","type":"page","link":"https:\/\/www.andaction.me\/?page_id=776","title":{"rendered":"Video"},"content":{"rendered":"\n<div class=\"wp-block-uagb-container uagb-block-4994970c alignfull uagb-is-root-container\"><div class=\"uagb-container__video-wrap\"><video autoplay loop muted playsinline><source src=\"https:\/\/www.andaction.me\/wp-content\/uploads\/2023\/11\/cine-slow-res-1.mp4\" type=\"video\/mp4\"\/><\/video><\/div>\n<div class=\"wp-block-uagb-container uagb-block-7015fa60\">\n<div class=\"wp-block-uagb-advanced-heading uagb-block-f202dd90\"><h6 class=\"uagb-heading-text\">Video Production<\/h6><\/div>\n\n\n\n<div class=\"wp-block-uagb-advanced-heading uagb-block-a7afc9bf\"><h1 class=\"uagb-heading-text\">Still &amp; Motion Pictures creates for you<\/h1><\/div>\n<\/div>\n<\/div>\n\n\n\n<div class=\"wp-block-uagb-container uagb-block-91731f2d alignfull uagb-is-root-container\"><div class=\"uagb-container-inner-blocks-wrap\">      \n\t\t\t<div class=\"uagb-icon-wrapper uagb-block-bf231bb6      \"\n\t\t\tstyle=\"\" >\n\t\t\t\t\t\t\t\t\t<span class=\"uagb-svg-wrapper\" \n\t\t\t\t\t aria-label=\"video\"\t\t\t\t\ttabindex=\"0\">\t\t\n\t\t\t\t\t\t\t\t\t\t<svg xmlns=\"https:\/\/www.w3.org\/2000\/svg\" viewBox= \"0 0 576 512\" role=\"graphics-symbol\" aria-hidden=\"false\" aria-label=\"\"><path d=\"M384 112v288c0 26.51-21.49 48-48 48h-288c-26.51 0-48-21.49-48-48v-288c0-26.51 21.49-48 48-48h288C362.5 64 384 85.49 384 112zM576 127.5v256.9c0 25.5-29.17 40.39-50.39 25.79L416 334.7V177.3l109.6-75.56C546.9 87.13 576 102.1 576 127.5z\"><\/path><\/svg>\n\t\t\t\t\t\t\t\t\t<\/span>\n\t\t\t\t\t\t\t<\/div>\n\t\t\t\n\n\n<div class=\"wp-block-uagb-advanced-heading uagb-block-fe55e47b\"><h5 class=\"uagb-heading-text\">COMMERCIALS VIDEO_PRODUCT VIDEO_ANIMATION_EXERCISE VIDEO _CORPORATE VIDEO_LEGACY VIDEO_COMPANY STORY VIDEO_ EXPLAINER<\/h5><\/div>\n<\/div><\/div>\n\n\n\n<div class=\"wp-block-uagb-container uagb-block-56923bbc default uagb-is-root-container\">\n<div class=\"wp-block-uagb-container uagb-block-d837d5a3\"><div class=\"align wp-block-vpb-video\" id='vpbVideoPlayer-1' data-attributes='{&quot;source&quot;:&quot;https:\\\/\\\/www.andaction.me\\\/wp-content\\\/uploads\\\/2023\\\/12\\\/olive_garden_video1.mp4&quot;,&quot;controls&quot;:{&quot;play-large&quot;:true,&quot;restart&quot;:false,&quot;rewind&quot;:false,&quot;play&quot;:true,&quot;fast-forward&quot;:false,&quot;progress&quot;:true,&quot;current-time&quot;:false,&quot;duration&quot;:false,&quot;mute&quot;:true,&quot;volume&quot;:false,&quot;pip&quot;:false,&quot;airplay&quot;:false,&quot;settings&quot;:false,&quot;download&quot;:false,&quot;fullscreen&quot;:true},&quot;align&quot;:&quot;&quot;,&quot;poster&quot;:&quot;&quot;,&quot;width&quot;:&quot;100%&quot;,&quot;radius&quot;:&quot;0px&quot;,&quot;repeat&quot;:false,&quot;autoplay&quot;:false,&quot;muted&quot;:false,&quot;resetOnEnd&quot;:false,&quot;autoHideControl&quot;:true}'><\/div><\/div>\n\n\n\n<div class=\"wp-block-uagb-container uagb-block-c16e0e55\"><div class=\"align wp-block-vpb-video\" id='vpbVideoPlayer-2' data-attributes='{&quot;source&quot;:&quot;https:\\\/\\\/www.andaction.me\\\/wp-content\\\/uploads\\\/2023\\\/11\\\/cine-slow-res-1.mp4&quot;,&quot;controls&quot;:{&quot;play-large&quot;:true,&quot;restart&quot;:false,&quot;rewind&quot;:false,&quot;play&quot;:true,&quot;fast-forward&quot;:false,&quot;progress&quot;:true,&quot;current-time&quot;:false,&quot;duration&quot;:false,&quot;mute&quot;:true,&quot;volume&quot;:false,&quot;pip&quot;:false,&quot;airplay&quot;:false,&quot;settings&quot;:false,&quot;download&quot;:false,&quot;fullscreen&quot;:true},&quot;align&quot;:&quot;&quot;,&quot;poster&quot;:&quot;&quot;,&quot;width&quot;:&quot;100%&quot;,&quot;radius&quot;:&quot;0px&quot;,&quot;repeat&quot;:false,&quot;autoplay&quot;:false,&quot;muted&quot;:false,&quot;resetOnEnd&quot;:false,&quot;autoHideControl&quot;:true}'><\/div><\/div>\n\n\n\n<div class=\"wp-block-uagb-container uagb-block-98eb3423\"><div class=\"align wp-block-vpb-video\" id='vpbVideoPlayer-3' data-attributes='{&quot;source&quot;:&quot;https:\\\/\\\/www.andaction.me\\\/wp-content\\\/uploads\\\/2025\\\/03\\\/3.mp4&quot;,&quot;controls&quot;:{&quot;play-large&quot;:true,&quot;restart&quot;:false,&quot;rewind&quot;:false,&quot;play&quot;:true,&quot;fast-forward&quot;:false,&quot;progress&quot;:true,&quot;current-time&quot;:false,&quot;duration&quot;:false,&quot;mute&quot;:true,&quot;volume&quot;:false,&quot;pip&quot;:false,&quot;airplay&quot;:false,&quot;settings&quot;:false,&quot;download&quot;:false,&quot;fullscreen&quot;:true},&quot;align&quot;:&quot;&quot;,&quot;poster&quot;:&quot;&quot;,&quot;width&quot;:&quot;100%&quot;,&quot;radius&quot;:&quot;0px&quot;,&quot;repeat&quot;:false,&quot;autoplay&quot;:false,&quot;muted&quot;:false,&quot;resetOnEnd&quot;:false,&quot;autoHideControl&quot;:true}'><\/div><\/div>\n\n\n\n<div class=\"wp-block-uagb-container uagb-block-9f5be5b9\"><div class=\"align wp-block-vpb-video\" id='vpbVideoPlayer-4' data-attributes='{&quot;source&quot;:&quot;https:\\\/\\\/www.andaction.me\\\/wp-content\\\/uploads\\\/2025\\\/03\\\/misa-tamis.mp4&quot;,&quot;controls&quot;:{&quot;play-large&quot;:true,&quot;restart&quot;:false,&quot;rewind&quot;:false,&quot;play&quot;:true,&quot;fast-forward&quot;:false,&quot;progress&quot;:true,&quot;current-time&quot;:false,&quot;duration&quot;:false,&quot;mute&quot;:true,&quot;volume&quot;:false,&quot;pip&quot;:false,&quot;airplay&quot;:false,&quot;settings&quot;:false,&quot;download&quot;:false,&quot;fullscreen&quot;:true},&quot;align&quot;:&quot;&quot;,&quot;poster&quot;:&quot;&quot;,&quot;width&quot;:&quot;100%&quot;,&quot;radius&quot;:&quot;0px&quot;,&quot;repeat&quot;:false,&quot;autoplay&quot;:false,&quot;muted&quot;:false,&quot;resetOnEnd&quot;:false,&quot;autoHideControl&quot;:true}'><\/div><\/div>\n<\/div>\n\n\n\n<div class=\"wp-block-uagb-container uagb-block-8879f289 default uagb-is-root-container\">\n<div class=\"wp-block-uagb-container uagb-block-5a1478e0\"><div class=\"align wp-block-vpb-video\" id='vpbVideoPlayer-5' data-attributes='{&quot;source&quot;:&quot;https:\\\/\\\/www.andaction.me\\\/wp-content\\\/uploads\\\/2025\\\/03\\\/nera-yt-1.mp4&quot;,&quot;controls&quot;:{&quot;play-large&quot;:true,&quot;restart&quot;:false,&quot;rewind&quot;:false,&quot;play&quot;:true,&quot;fast-forward&quot;:false,&quot;progress&quot;:true,&quot;current-time&quot;:false,&quot;duration&quot;:false,&quot;mute&quot;:true,&quot;volume&quot;:false,&quot;pip&quot;:false,&quot;airplay&quot;:false,&quot;settings&quot;:false,&quot;download&quot;:false,&quot;fullscreen&quot;:true},&quot;align&quot;:&quot;&quot;,&quot;poster&quot;:&quot;&quot;,&quot;width&quot;:&quot;100%&quot;,&quot;radius&quot;:&quot;0px&quot;,&quot;repeat&quot;:false,&quot;autoplay&quot;:false,&quot;muted&quot;:false,&quot;resetOnEnd&quot;:false,&quot;autoHideControl&quot;:true}'><\/div><\/div>\n\n\n\n<div class=\"wp-block-uagb-container uagb-block-bf6b3cb2\"><div class=\"align wp-block-vpb-video\" id='vpbVideoPlayer-6' data-attributes='{&quot;source&quot;:&quot;https:\\\/\\\/www.andaction.me\\\/wp-content\\\/uploads\\\/2025\\\/03\\\/dunav-ram.mp4&quot;,&quot;controls&quot;:{&quot;play-large&quot;:true,&quot;restart&quot;:false,&quot;rewind&quot;:false,&quot;play&quot;:true,&quot;fast-forward&quot;:false,&quot;progress&quot;:true,&quot;current-time&quot;:false,&quot;duration&quot;:false,&quot;mute&quot;:true,&quot;volume&quot;:false,&quot;pip&quot;:false,&quot;airplay&quot;:false,&quot;settings&quot;:false,&quot;download&quot;:false,&quot;fullscreen&quot;:true},&quot;align&quot;:&quot;&quot;,&quot;poster&quot;:&quot;&quot;,&quot;width&quot;:&quot;100%&quot;,&quot;radius&quot;:&quot;0px&quot;,&quot;repeat&quot;:false,&quot;autoplay&quot;:false,&quot;muted&quot;:false,&quot;resetOnEnd&quot;:false,&quot;autoHideControl&quot;:true}'><\/div><\/div>\n\n\n\n<div class=\"wp-block-uagb-container uagb-block-8eaf2226\"><div class=\"align wp-block-vpb-video\" id='vpbVideoPlayer-7' data-attributes='{&quot;source&quot;:&quot;https:\\\/\\\/www.andaction.me\\\/wp-content\\\/uploads\\\/2025\\\/03\\\/imuno-pilot.mp4&quot;,&quot;controls&quot;:{&quot;play-large&quot;:true,&quot;restart&quot;:false,&quot;rewind&quot;:false,&quot;play&quot;:true,&quot;fast-forward&quot;:false,&quot;progress&quot;:true,&quot;current-time&quot;:false,&quot;duration&quot;:false,&quot;mute&quot;:true,&quot;volume&quot;:false,&quot;pip&quot;:false,&quot;airplay&quot;:false,&quot;settings&quot;:false,&quot;download&quot;:false,&quot;fullscreen&quot;:true},&quot;align&quot;:&quot;&quot;,&quot;poster&quot;:&quot;&quot;,&quot;width&quot;:&quot;100%&quot;,&quot;radius&quot;:&quot;0px&quot;,&quot;repeat&quot;:false,&quot;autoplay&quot;:false,&quot;muted&quot;:false,&quot;resetOnEnd&quot;:false,&quot;autoHideControl&quot;:true}'><\/div><\/div>\n\n\n\n<div class=\"wp-block-uagb-container uagb-block-70ed2ec2\"><div class=\"align wp-block-vpb-video\" id='vpbVideoPlayer-8' data-attributes='{&quot;source&quot;:&quot;https:\\\/\\\/www.andaction.me\\\/wp-content\\\/uploads\\\/2025\\\/03\\\/opsti-promo-1.mp4&quot;,&quot;controls&quot;:{&quot;play-large&quot;:true,&quot;restart&quot;:false,&quot;rewind&quot;:false,&quot;play&quot;:true,&quot;fast-forward&quot;:false,&quot;progress&quot;:true,&quot;current-time&quot;:false,&quot;duration&quot;:false,&quot;mute&quot;:true,&quot;volume&quot;:false,&quot;pip&quot;:false,&quot;airplay&quot;:false,&quot;settings&quot;:false,&quot;download&quot;:false,&quot;fullscreen&quot;:true},&quot;align&quot;:&quot;&quot;,&quot;poster&quot;:&quot;&quot;,&quot;width&quot;:&quot;100%&quot;,&quot;radius&quot;:&quot;0px&quot;,&quot;repeat&quot;:false,&quot;autoplay&quot;:false,&quot;muted&quot;:false,&quot;resetOnEnd&quot;:false,&quot;autoHideControl&quot;:true}'><\/div><\/div>\n<\/div>\n\n\n\n<div class=\"wp-block-uagb-advanced-heading uagb-block-b93bde2e\"><h5 class=\"uagb-heading-text\">REEL . STORY . SHORT<\/h5><\/div>\n\n\n\n<div class=\"wp-block-uagb-container uagb-block-bf7e6ff7 default uagb-is-root-container\">\n<div class=\"wp-block-uagb-container uagb-block-6d8a93e1\"><div class=\"align wp-block-vpb-video\" id='vpbVideoPlayer-9' data-attributes='{&quot;source&quot;:&quot;https:\\\/\\\/www.andaction.me\\\/wp-content\\\/uploads\\\/2025\\\/03\\\/luka-res.mp4&quot;,&quot;poster&quot;:&quot;https:\\\/\\\/www.andaction.me\\\/wp-content\\\/uploads\\\/2025\\\/03\\\/luka.jpg&quot;,&quot;controls&quot;:{&quot;play-large&quot;:true,&quot;restart&quot;:false,&quot;rewind&quot;:false,&quot;play&quot;:true,&quot;fast-forward&quot;:false,&quot;progress&quot;:true,&quot;current-time&quot;:false,&quot;duration&quot;:false,&quot;mute&quot;:true,&quot;volume&quot;:false,&quot;pip&quot;:false,&quot;airplay&quot;:false,&quot;settings&quot;:false,&quot;download&quot;:false,&quot;fullscreen&quot;:true},&quot;align&quot;:&quot;&quot;,&quot;width&quot;:&quot;100%&quot;,&quot;radius&quot;:&quot;0px&quot;,&quot;repeat&quot;:false,&quot;autoplay&quot;:false,&quot;muted&quot;:false,&quot;resetOnEnd&quot;:false,&quot;autoHideControl&quot;:true}'><\/div><\/div>\n\n\n\n<div class=\"wp-block-uagb-container uagb-block-a9a48e68\"><div class=\"align wp-block-vpb-video\" id='vpbVideoPlayer-10' data-attributes='{&quot;source&quot;:&quot;https:\\\/\\\/www.andaction.me\\\/wp-content\\\/uploads\\\/2024\\\/04\\\/COSMETICS-REEL.mp4&quot;,&quot;poster&quot;:&quot;https:\\\/\\\/www.andaction.me\\\/wp-content\\\/uploads\\\/2025\\\/03\\\/cosmetic-tumb-1.jpg&quot;,&quot;controls&quot;:{&quot;play-large&quot;:true,&quot;restart&quot;:false,&quot;rewind&quot;:false,&quot;play&quot;:true,&quot;fast-forward&quot;:false,&quot;progress&quot;:true,&quot;current-time&quot;:false,&quot;duration&quot;:false,&quot;mute&quot;:true,&quot;volume&quot;:false,&quot;pip&quot;:false,&quot;airplay&quot;:false,&quot;settings&quot;:false,&quot;download&quot;:false,&quot;fullscreen&quot;:true},&quot;align&quot;:&quot;&quot;,&quot;width&quot;:&quot;100%&quot;,&quot;radius&quot;:&quot;0px&quot;,&quot;repeat&quot;:false,&quot;autoplay&quot;:false,&quot;muted&quot;:false,&quot;resetOnEnd&quot;:false,&quot;autoHideControl&quot;:true}'><\/div><\/div>\n\n\n\n<div class=\"wp-block-uagb-container uagb-block-64fc2ec0\"><div class=\"align wp-block-vpb-video\" id='vpbVideoPlayer-11' data-attributes='{&quot;source&quot;:&quot;https:\\\/\\\/www.andaction.me\\\/wp-content\\\/uploads\\\/2024\\\/04\\\/food-small.mp4&quot;,&quot;controls&quot;:{&quot;play-large&quot;:true,&quot;restart&quot;:false,&quot;rewind&quot;:false,&quot;play&quot;:true,&quot;fast-forward&quot;:false,&quot;progress&quot;:true,&quot;current-time&quot;:false,&quot;duration&quot;:false,&quot;mute&quot;:true,&quot;volume&quot;:false,&quot;pip&quot;:false,&quot;airplay&quot;:false,&quot;settings&quot;:false,&quot;download&quot;:false,&quot;fullscreen&quot;:true},&quot;align&quot;:&quot;&quot;,&quot;poster&quot;:&quot;&quot;,&quot;width&quot;:&quot;100%&quot;,&quot;radius&quot;:&quot;0px&quot;,&quot;repeat&quot;:false,&quot;autoplay&quot;:false,&quot;muted&quot;:false,&quot;resetOnEnd&quot;:false,&quot;autoHideControl&quot;:true}'><\/div><\/div>\n\n\n\n<div class=\"wp-block-uagb-container uagb-block-aa90eebc\"><div class=\"align wp-block-vpb-video\" id='vpbVideoPlayer-12' data-attributes='{&quot;source&quot;:&quot;https:\\\/\\\/www.andaction.me\\\/wp-content\\\/uploads\\\/2025\\\/03\\\/fashion-reel3.mp4&quot;,&quot;poster&quot;:&quot;https:\\\/\\\/www.andaction.me\\\/wp-content\\\/uploads\\\/2025\\\/03\\\/mmmhm.jpg&quot;,&quot;controls&quot;:{&quot;play-large&quot;:true,&quot;restart&quot;:false,&quot;rewind&quot;:false,&quot;play&quot;:true,&quot;fast-forward&quot;:false,&quot;progress&quot;:true,&quot;current-time&quot;:false,&quot;duration&quot;:false,&quot;mute&quot;:true,&quot;volume&quot;:false,&quot;pip&quot;:false,&quot;airplay&quot;:false,&quot;settings&quot;:false,&quot;download&quot;:false,&quot;fullscreen&quot;:true},&quot;align&quot;:&quot;&quot;,&quot;width&quot;:&quot;100%&quot;,&quot;radius&quot;:&quot;0px&quot;,&quot;repeat&quot;:false,&quot;autoplay&quot;:false,&quot;muted&quot;:false,&quot;resetOnEnd&quot;:false,&quot;autoHideControl&quot;:true}'><\/div><\/div>\n<\/div>\n\n\n\n<h3 class=\"wp-block-heading has-text-align-center has-ast-global-color-3-color has-text-color has-link-color wp-elements-46f78d2555de73ca3efc2e559c8f3898\">PRICE<\/h3>\n\n\n\n<p class=\"has-text-align-center has-ast-global-color-7-color has-ast-global-color-3-background-color has-text-color has-background has-link-color wp-elements-0d8edf9e5ed9c82feca0643ef8682568\">OKVIRNE CENE U ODNOSU NA NA\u010cIN SNIMANJA EDITOVANJA I KORI\u0160\u0106ENIH  RESURSA<\/p>\n\n\n\n<div class=\"wp-block-columns is-layout-flex wp-container-core-columns-is-layout-28f84493 wp-block-columns-is-layout-flex\">\n<div class=\"wp-block-column is-layout-flow wp-block-column-is-layout-flow\">\n<div class=\"wp-block-media-text is-stacked-on-mobile has-ast-global-color-7-background-color has-background\" style=\"grid-template-columns:48% auto\"><figure class=\"wp-block-media-text__media\"><video controls src=\"https:\/\/www.andaction.me\/wp-content\/uploads\/2025\/03\/reels-luka.mp4\"><\/video><\/figure><div class=\"wp-block-media-text__content\">\n<p class=\"has-ast-global-color-0-color has-text-color has-link-color has-medium-font-size wp-elements-59d2f05b20ee03cdf1c473b491143372\">Reels Storry Short<\/p>\n\n\n\n<p class=\"has-ast-global-color-1-color has-text-color has-link-color wp-elements-8b78400c8a58890329608141aebd46e7\">Klip do 30 sekundi<\/p>\n\n\n\n<p>Snimanje na lokaciji <\/p>\n\n\n\n<p>Postprodukcija Monta\u017ea MAX<\/p>\n\n\n\n<p>2 D  efekti<\/p>\n\n\n\n<p>Animirana grafika<\/p>\n\n\n\n<p>Licencirana muzika<\/p>\n\n\n\n<p class=\"has-ast-global-color-0-color has-text-color has-link-color has-medium-font-size wp-elements-a193b4af00c13c878098c815381f9c4d\">120 \u20ac \/ VIDEO<\/p>\n\n\n\n<p>80\u20ac \/VIDEO u paketu od 10 komada<\/p>\n<\/div><\/div>\n<\/div>\n\n\n\n<div class=\"wp-block-column is-layout-flow wp-block-column-is-layout-flow\">\n<div class=\"wp-block-media-text is-stacked-on-mobile has-ast-global-color-7-background-color has-background\"><figure class=\"wp-block-media-text__media\"><video controls src=\"https:\/\/www.andaction.me\/wp-content\/uploads\/2024\/04\/food-small.mp4\"><\/video><\/figure><div class=\"wp-block-media-text__content\">\n<p class=\"has-ast-global-color-0-color has-text-color has-link-color has-medium-font-size wp-elements-73032aaa2e892cdc5cfd88ed3b98b659\">Reels Storry Short STOCK<\/p>\n\n\n\n<p class=\"has-ast-global-color-1-color has-text-color has-link-color wp-elements-3321697b8fddce11ce84bc505794f95d\">Do 30 sekundi<\/p>\n\n\n\n<p>Koristimo Stock klipove<\/p>\n\n\n\n<p>Monta\u017ea stock klipova<\/p>\n\n\n\n<p>2 D  efekti<\/p>\n\n\n\n<p>Animirana grafika<\/p>\n\n\n\n<p>Muzika sa mre\u017ee<\/p>\n\n\n\n<p class=\"has-ast-global-color-0-color has-text-color has-link-color has-medium-font-size wp-elements-9bcc71f3110bc5cf6e7551adc95f4f08\">80\u20ac \/ VIDEO<\/p>\n\n\n\n<p>60\u20ac \/VIDEO u paketu od 10 komada<\/p>\n<\/div><\/div>\n<\/div>\n<\/div>\n\n\n\n<div class=\"wp-block-uagb-container uagb-block-c9b6a0aa alignfull uagb-is-root-container\"><div class=\"uagb-container-inner-blocks-wrap\">\n<div class=\"wp-block-uagb-advanced-heading uagb-block-deca9b53\"><h5 class=\"uagb-heading-text\">COMMERCIAL VIDEO AND PHOTO PRODUCTION<br>FOR AGENCIES, BRANDS A<\/h5><p class=\"uagb-desc-text\">Highest standards of Filmmaking and Advertising Photography.<\/p><\/div>\n\n\n\n<p class=\"has-text-align-center has-ast-global-color-7-color has-text-color has-link-color has-large-font-size wp-elements-a202b567a6b90fdef1cef204891dc47d\">#foryou<\/p>\n<\/div><\/div>\n\n\n\n<div class=\"wp-block-uagb-container uagb-block-6b2268f9 alignfull uagb-is-root-container\">\n<div class=\"wp-block-uagb-container uagb-block-afeeadb8\"><\/div>\n<\/div>\n\n\n\n<p><\/p>\n","protected":false},"excerpt":{"rendered":"<p>Video Production Still &amp; Motion Pictures creates for you COMMERCIALS VIDEO_PRODUCT VIDEO_ANIMATION_EXERCISE VIDEO _CORPORATE VIDEO_LEGACY VIDEO_COMPANY STORY VIDEO_ EXPLAINER REEL . STORY . SHORT PRICE OKVIRNE CENE U ODNOSU NA NA\u010cIN SNIMANJA EDITOVANJA I KORI\u0160\u0106ENIH RESURSA Reels Storry Short Klip do 30 sekundi Snimanje na lokaciji Postprodukcija Monta\u017ea MAX 2 D efekti Animirana grafika Licencirana [&hellip;]<\/p>\n","protected":false},"author":1,"featured_media":0,"parent":0,"menu_order":0,"comment_status":"closed","ping_status":"closed","template":"","meta":{"_uag_custom_page_level_css":"","site-sidebar-layout":"no-sidebar","site-content-layout":"plain-container","ast-site-content-layout":"normal-width-container","site-content-style":"unboxed","site-sidebar-style":"unboxed","ast-global-header-display":"","ast-banner-title-visibility":"","ast-main-header-display":"","ast-hfb-above-header-display":"","ast-hfb-below-header-display":"","ast-hfb-mobile-header-display":"","site-post-title":"disabled","ast-breadcrumbs-content":"","ast-featured-img":"disabled","footer-sml-layout":"","theme-transparent-header-meta":"enabled","adv-header-id-meta":"","stick-header-meta":"","header-above-stick-meta":"","header-main-stick-meta":"","header-below-stick-meta":"","astra-migrate-meta-layouts":"set","ast-page-background-enabled":"default","ast-page-background-meta":{"desktop":{"background-color":"","background-image":"","background-repeat":"repeat","background-position":"center center","background-size":"auto","background-attachment":"scroll","background-type":"","background-media":"","overlay-type":"","overlay-color":"","overlay-opacity":"","overlay-gradient":""},"tablet":{"background-color":"","background-image":"","background-repeat":"repeat","background-position":"center center","background-size":"auto","background-attachment":"scroll","background-type":"","background-media":"","overlay-type":"","overlay-color":"","overlay-opacity":"","overlay-gradient":""},"mobile":{"background-color":"","background-image":"","background-repeat":"repeat","background-position":"center center","background-size":"auto","background-attachment":"scroll","background-type":"","background-media":"","overlay-type":"","overlay-color":"","overlay-opacity":"","overlay-gradient":""}},"ast-content-background-meta":{"desktop":{"background-color":"var(--ast-global-color-5)","background-image":"","background-repeat":"repeat","background-position":"center center","background-size":"auto","background-attachment":"scroll","background-type":"","background-media":"","overlay-type":"","overlay-color":"","overlay-opacity":"","overlay-gradient":""},"tablet":{"background-color":"var(--ast-global-color-5)","background-image":"","background-repeat":"repeat","background-position":"center center","background-size":"auto","background-attachment":"scroll","background-type":"","background-media":"","overlay-type":"","overlay-color":"","overlay-opacity":"","overlay-gradient":""},"mobile":{"background-color":"var(--ast-global-color-5)","background-image":"","background-repeat":"repeat","background-position":"center center","background-size":"auto","background-attachment":"scroll","background-type":"","background-media":"","overlay-type":"","overlay-color":"","overlay-opacity":"","overlay-gradient":""}},"footnotes":""},"class_list":["post-776","page","type-page","status-publish","hentry"],"aioseo_notices":[],"uagb_featured_image_src":{"full":false,"thumbnail":false,"medium":false,"medium_large":false,"large":false,"1536x1536":false,"2048x2048":false},"uagb_author_info":{"display_name":"stillandmotion_ciqhs3","author_link":"https:\/\/www.andaction.me\/?author=1"},"uagb_comment_info":0,"uagb_excerpt":"Video Production Still &amp; Motion Pictures creates for you COMMERCIALS VIDEO_PRODUCT VIDEO_ANIMATION_EXERCISE VIDEO _CORPORATE VIDEO_LEGACY VIDEO_COMPANY STORY VIDEO_ EXPLAINER REEL . STORY . SHORT PRICE OKVIRNE CENE U ODNOSU NA NA\u010cIN SNIMANJA EDITOVANJA I KORI\u0160\u0106ENIH RESURSA Reels Storry Short Klip do 30 sekundi Snimanje na lokaciji Postprodukcija Monta\u017ea MAX 2 D efekti Animirana grafika Licencirana&hellip;","_links":{"self":[{"href":"https:\/\/www.andaction.me\/index.php?rest_route=\/wp\/v2\/pages\/776","targetHints":{"allow":["GET"]}}],"collection":[{"href":"https:\/\/www.andaction.me\/index.php?rest_route=\/wp\/v2\/pages"}],"about":[{"href":"https:\/\/www.andaction.me\/index.php?rest_route=\/wp\/v2\/types\/page"}],"author":[{"embeddable":true,"href":"https:\/\/www.andaction.me\/index.php?rest_route=\/wp\/v2\/users\/1"}],"replies":[{"embeddable":true,"href":"https:\/\/www.andaction.me\/index.php?rest_route=%2Fwp%2Fv2%2Fcomments&post=776"}],"version-history":[{"count":10,"href":"https:\/\/www.andaction.me\/index.php?rest_route=\/wp\/v2\/pages\/776\/revisions"}],"predecessor-version":[{"id":2399,"href":"https:\/\/www.andaction.me\/index.php?rest_route=\/wp\/v2\/pages\/776\/revisions\/2399"}],"wp:attachment":[{"href":"https:\/\/www.andaction.me\/index.php?rest_route=%2Fwp%2Fv2%2Fmedia&parent=776"}],"curies":[{"name":"wp","href":"https:\/\/api.w.org\/{rel}","templated":true}]}}